{"id":46960,"date":"2024-06-03T23:01:49","date_gmt":"2024-06-03T23:01:49","guid":{"rendered":"https:\/\/grupouc.mx\/?post_type=product&#038;p=46960"},"modified":"2024-06-03T23:25:53","modified_gmt":"2024-06-03T23:25:53","slug":"premium-adult-20-lbs-9-07-kg","status":"publish","type":"product","link":"https:\/\/grupouc.mx\/index.php\/product\/premium-adult-20-lbs-9-07-kg\/","title":{"rendered":"PREMIUM ADULT 20 Lbs. (9.07 Kg)"},"content":{"rendered":"","protected":false},"excerpt":{"rendered":"<p>F\u00f3rmula Precisa Con Un Equilibrio De Alta Calidad De Prote\u00edna Y Grasa Para Conservar Sano El Tejido Muscular Y Mantener La Energ\u00eda.<\/p>\n","protected":false},"featured_media":46953,"comment_status":"closed","ping_status":"closed","template":"","meta":{"_joinchat":[]},"product_brand":[],"product_cat":[15],"product_tag":[],"class_list":{"0":"post-46960","1":"product","2":"type-product","3":"status-publish","4":"has-post-thumbnail","6":"product_cat-diamon-super-premium","9":"first","10":"instock","11":"shipping-taxable","12":"purchasable","13":"product-type-simple"},"_links":{"self":[{"href":"https:\/\/grupouc.mx\/index.php\/wp-json\/wp\/v2\/product\/46960","targetHints":{"allow":["GET"]}}],"collection":[{"href":"https:\/\/grupouc.mx\/index.php\/wp-json\/wp\/v2\/product"}],"about":[{"href":"https:\/\/grupouc.mx\/index.php\/wp-json\/wp\/v2\/types\/product"}],"replies":[{"embeddable":true,"href":"https:\/\/grupouc.mx\/index.php\/wp-json\/wp\/v2\/comments?post=46960"}],"wp:featuredmedia":[{"embeddable":true,"href":"https:\/\/grupouc.mx\/index.php\/wp-json\/wp\/v2\/media\/46953"}],"wp:attachment":[{"href":"https:\/\/grupouc.mx\/index.php\/wp-json\/wp\/v2\/media?parent=46960"}],"wp:term":[{"taxonomy":"product_brand","embeddable":true,"href":"https:\/\/grupouc.mx\/index.php\/wp-json\/wp\/v2\/product_brand?post=46960"},{"taxonomy":"product_cat","embeddable":true,"href":"https:\/\/grupouc.mx\/index.php\/wp-json\/wp\/v2\/product_cat?post=46960"},{"taxonomy":"product_tag","embeddable":true,"href":"https:\/\/grupouc.mx\/index.php\/wp-json\/wp\/v2\/product_tag?post=46960"}],"curies":[{"name":"wp","href":"https:\/\/api.w.org\/{rel}","templated":true}]}}