{"id":47088,"date":"2024-06-04T23:32:13","date_gmt":"2024-06-04T23:32:13","guid":{"rendered":"https:\/\/grupouc.mx\/?post_type=product&#038;p=47088"},"modified":"2024-08-23T22:09:22","modified_gmt":"2024-08-23T22:09:22","slug":"adulto-raza-pequena-3-3-lbs-1-5-kg","status":"publish","type":"product","link":"https:\/\/grupouc.mx\/index.php\/product\/adulto-raza-pequena-3-3-lbs-1-5-kg\/","title":{"rendered":"SMALL BREED ADULT 27\/16 3.3 Lbs. (1.5 Kg)"},"content":{"rendered":"","protected":false},"excerpt":{"rendered":"<div class=\"elementor-flip-box__layer__description\">Formulado para perros adultos de raza peque\u00f1a, tama\u00f1o perfecto para las razas y con prote\u00edna de pollo<\/div>\n","protected":false},"featured_media":47064,"comment_status":"closed","ping_status":"closed","template":"","meta":{"_joinchat":[]},"product_brand":[],"product_cat":[57,132],"product_tag":[],"class_list":{"0":"post-47088","1":"product","2":"type-product","3":"status-publish","4":"has-post-thumbnail","6":"product_cat-diamond-naturals","7":"product_cat-perros","10":"first","11":"instock","12":"shipping-taxable","13":"purchasable","14":"product-type-simple"},"_links":{"self":[{"href":"https:\/\/grupouc.mx\/index.php\/wp-json\/wp\/v2\/product\/47088","targetHints":{"allow":["GET"]}}],"collection":[{"href":"https:\/\/grupouc.mx\/index.php\/wp-json\/wp\/v2\/product"}],"about":[{"href":"https:\/\/grupouc.mx\/index.php\/wp-json\/wp\/v2\/types\/product"}],"replies":[{"embeddable":true,"href":"https:\/\/grupouc.mx\/index.php\/wp-json\/wp\/v2\/comments?post=47088"}],"wp:featuredmedia":[{"embeddable":true,"href":"https:\/\/grupouc.mx\/index.php\/wp-json\/wp\/v2\/media\/47064"}],"wp:attachment":[{"href":"https:\/\/grupouc.mx\/index.php\/wp-json\/wp\/v2\/media?parent=47088"}],"wp:term":[{"taxonomy":"product_brand","embeddable":true,"href":"https:\/\/grupouc.mx\/index.php\/wp-json\/wp\/v2\/product_brand?post=47088"},{"taxonomy":"product_cat","embeddable":true,"href":"https:\/\/grupouc.mx\/index.php\/wp-json\/wp\/v2\/product_cat?post=47088"},{"taxonomy":"product_tag","embeddable":true,"href":"https:\/\/grupouc.mx\/index.php\/wp-json\/wp\/v2\/product_tag?post=47088"}],"curies":[{"name":"wp","href":"https:\/\/api.w.org\/{rel}","templated":true}]}}